{"id":15,"date":"2020-11-28T21:02:07","date_gmt":"2020-11-28T21:02:07","guid":{"rendered":"https:\/\/publicidadentapetes.com\/?page_id=15"},"modified":"2020-11-28T21:02:09","modified_gmt":"2020-11-28T21:02:09","slug":"manejo-de-datos","status":"publish","type":"page","link":"https:\/\/publicidadentapetes.com\/index.php\/manejo-de-datos\/","title":{"rendered":"Manejo de Datos"},"content":{"rendered":"<p>[et_pb_section fb_built=&#8221;1&#8243; _builder_version=&#8221;3.22&#8243;][et_pb_row _builder_version=&#8221;3.25&#8243; background_size=&#8221;initial&#8221; background_position=&#8221;top_left&#8221; background_repeat=&#8221;repeat&#8221;][et_pb_column type=&#8221;4_4&#8243; _builder_version=&#8221;3.25&#8243; custom_padding=&#8221;|||&#8221; custom_padding__hover=&#8221;|||&#8221;][et_pb_text _builder_version=&#8221;3.27.4&#8243;]<\/p>\n<h4>Responsable del Fichero<\/h4>\n<p>Leticia Ch\u00e1vez, en adelante TAPETESCONMARCA.COM, tel\u00e9fono 3336203911 y direcci\u00f3n de email es el responsable de los ficheros en los que se incluir\u00e1n los datos personales recogidos y tratados desde esta p\u00e1gina web. Estos ficheros se encuentran protegidos por el Aviso de Privacidad.<\/p>\n<h4>Recogida de Datos<\/h4>\n<p>TAPETESCONMARCA.COM \u00fanicamente recoge los datos de car\u00e1cter personal que nos proporcione a trav\u00e9s de los formularios incluidos en la p\u00e1gina web y nuestras direcciones de correo electr\u00f3nico.<\/p>\n<h4>Usos y Finalidades de los Datos Recogidos<\/h4>\n<p>Se recogen los datos de car\u00e1cter personal con las finalidades que se detallan a continuaci\u00f3n, si no est\u00e1 conforme con alguna de ellas puede comunicarlo a la direcci\u00f3n de email. Los usos y finalidades previstos son:<\/p>\n<h5>Gesti\u00f3n de Pedidos<\/h5>\n<p>Cuando adquiere un producto en nuestra tienda online, los datos que nos facilite ser\u00e1n utilizados para tramitar, enviar y facturar los pedidos realizados.<\/p>\n<h5>Env\u00edo de Informaci\u00f3n<\/h5>\n<p>Emplear\u00e1 los datos personales que nos proporcione con la finalidad de enviarle informaci\u00f3n de inter\u00e9s sobre nuestros productos y servicios. Esta informaci\u00f3n se env\u00edar\u00e1 por v\u00eda electr\u00f3nica. Los usuarios que no desean recibir este tipo de informaci\u00f3n pueden comunicarlo a la direcci\u00f3n de correo electr\u00f3nico.<\/p>\n<h5>Realizar Promociones, Concursos y Sorteos<\/h5>\n<p>La informaci\u00f3n que nos proporcione a trav\u00e9s de los formularios de participaci\u00f3n en concursos, promociones o sorteos, ser\u00e1 utilizada para la organizaci\u00f3n y gesti\u00f3n de estos eventos. Publicar\u00e1 los datos de los ganadores en su p\u00e1gina web, as\u00ed como en las cuenta o perfiles corporativos que posee en las distintas redes sociales (Ej. Facebook, twitter..etc) Cada promoci\u00f3n, oferta o sorteo contar\u00e1 con sus propias bases o condiciones particulares.<\/p>\n<h4>Comunicaci\u00f3n de Datos a Terceros<\/h4>\n<p>Tiene previsto la comunicaci\u00f3n de sus datos personales a terceros en los supuestos que se detallan a continuaci\u00f3n, si no est\u00e1 conforme con alguna de estas cesiones puede comunicarlo a la direcci\u00f3n de email. Las comunicaciones previstas son:<\/p>\n<h5>Comunicaciones establecidas en la Ley<\/h5>\n<p>Sus datos ser\u00e1n comunicados a terceros en los supuestos en los que una norma legal as\u00ed lo establezca (administraciones p\u00fablicas, autoridades administrativas o judiciales \u2026etc).<\/p>\n<h5>Gesti\u00f3n de Pagos<\/h5>\n<p>Sus datos personales ser\u00e1n comunicados a terceros cuando resulte necesario para el pago de los productos o servicios adquiridos (entidades bancarias y\/o financieras propietarias de los medios de pago utilizados).<\/p>\n<h5>Mensajer\u00eda y Log\u00edstica<\/h5>\n<p>Se comunicar\u00e1n a las empresas de mensajer\u00eda o log\u00edstica con las que trabajemos, los datos de car\u00e1cter personal que resulten necesarios para remitirle los productos adquiridos.<\/p>\n<h4>Uso de Cookies<\/h4>\n<p>Nuestra p\u00e1gina web utiliza dispositivos de implantaci\u00f3n de cookies que le permitir\u00e1n identificarse de forma autom\u00e1tica y nos facilitar\u00e1 la obtenci\u00f3n de informaci\u00f3n sobre los h\u00e1bitos de visitas y comportamiento dentro de nuestra web, esto nos ayudar\u00e1 a mejorar nuestra p\u00e1gina web. Si no desea que estos archivos se instalen en su equipo, puede bloquearlos en las opciones destinadas a cookies que encontrar\u00e1 en su navegador de internet.<\/p>\n<h4>Google Analytics<\/h4>\n<p>Nuestra p\u00e1gina web utiliza Google Analytics, un servicio de anal\u00edtica web prestado por Google, Inc., cuya oficina principal est\u00e1 situada en 1600 Amphitheatre Parkway, Mountain View (California), CA 94043, Estados Unidos (\u201cGoogle\u201d). Google Analytics utiliza \u201ccookies\u201d, que son archivos de texto ubicados en su ordenador, para ayudar al website a analizar el uso que hacen los usuarios del sitio web. La informaci\u00f3n que genera la cookie acerca de su uso del website (incluyendo su direcci\u00f3n IP) ser\u00e1 directamente transmitida y archivada por Google en los servidores de Estados Unidos. Google usar\u00e1 esta informaci\u00f3n por cuenta nuestra con el prop\u00f3sito de seguir la pista de su uso del website, recopilando informes de la actividad del website y prestando otros servicios relacionados con la actividad del website y el uso de Internet. Google podr\u00e1 transmitir dicha informaci\u00f3n a terceros cuando as\u00ed se lo requiera la legislaci\u00f3n, o cuando dichos terceros procesen la informaci\u00f3n por cuenta de Google. Google no asociar\u00e1 su direcci\u00f3n IP con ning\u00fan otro dato del que disponga Google. Puede Usted rechazar el tratamiento de los datos o la informaci\u00f3n rechazando el uso de cookies mediante la selecci\u00f3n de la configuraci\u00f3n apropiada de su navegador, sin embargo, debe Usted saber que si lo hace puede ser que no pueda usar la plena funcionabilidad de este website. Al utilizar este website Usted consiente el tratamiento de informaci\u00f3n acerca de Usted por Google en la forma y para los fines arriba indicados. Si desea saber mas sobre los t\u00e9rminos de privacidad de este servicio visite http:\/\/www.google.com\/intl\/es\/analytics\/privacyoverview.html<\/p>\n<h4>Ejercicio de Derechos<\/h4>\n<p>En cualquier momento podr\u00e1 ejercer los Derechos de acceso, rectificaci\u00f3n, cancelaci\u00f3n y oposici\u00f3n mediante el env\u00edo de la solicitud de ejercicio correspondiente junto con copia del documento oficial que le identifique (DNI, carnet de conducir o pasaporte) a la direcci\u00f3n de correo electr\u00f3nico.<\/p>\n<h4>Versi\u00f3n<\/h4>\n<p>Esta pol\u00edtica de uso de datos es de fecha 19 agosto 2020 cualquier modificaci\u00f3n de sus t\u00e9rminos ser\u00e1 publicada en esta p\u00e1gina web.<\/p>\n<p>[\/et_pb_text][\/et_pb_column][\/et_pb_row][\/et_pb_section]<\/p>\n","protected":false},"excerpt":{"rendered":"<p>Responsable del Fichero Leticia Ch\u00e1vez, en adelante TAPETESCONMARCA.COM, tel\u00e9fono 3336203911 y direcci\u00f3n de email es el responsable de los ficheros en los que se incluir\u00e1n los datos personales recogidos y tratados desde esta p\u00e1gina web. Estos ficheros se encuentran protegidos por el Aviso de Privacidad. Recogida de Datos TAPETESCONMARCA.COM \u00fanicamente recoge los datos de car\u00e1cter [&hellip;]<\/p>\n","protected":false},"author":1,"featured_media":0,"parent":0,"menu_order":0,"comment_status":"closed","ping_status":"closed","template":"","meta":{"_et_pb_use_builder":"on","_et_pb_old_content":"","_et_gb_content_width":"","footnotes":""},"class_list":["post-15","page","type-page","status-publish","hentry"],"yoast_head":"<!-- This site is optimized with the Yoast SEO plugin v24.8 - https:\/\/yoast.com\/wordpress\/plugins\/seo\/ -->\n<title>Manejo de Datos - Publicidad en tapetes<\/title>\n<meta name=\"robots\" content=\"index, follow, max-snippet:-1, max-image-preview:large, max-video-preview:-1\" \/>\n<link rel=\"canonical\" href=\"https:\/\/publicidadentapetes.com\/index.php\/manejo-de-datos\/\" \/>\n<meta property=\"og:locale\" content=\"en_US\" \/>\n<meta property=\"og:type\" content=\"article\" \/>\n<meta property=\"og:title\" content=\"Manejo de Datos - Publicidad en tapetes\" \/>\n<meta property=\"og:description\" content=\"Responsable del Fichero Leticia Ch\u00e1vez, en adelante TAPETESCONMARCA.COM, tel\u00e9fono 3336203911 y direcci\u00f3n de email es el responsable de los ficheros en los que se incluir\u00e1n los datos personales recogidos y tratados desde esta p\u00e1gina web. Estos ficheros se encuentran protegidos por el Aviso de Privacidad. Recogida de Datos TAPETESCONMARCA.COM \u00fanicamente recoge los datos de car\u00e1cter [&hellip;]\" \/>\n<meta property=\"og:url\" content=\"https:\/\/publicidadentapetes.com\/index.php\/manejo-de-datos\/\" \/>\n<meta property=\"og:site_name\" content=\"Publicidad en tapetes\" \/>\n<meta property=\"article:modified_time\" content=\"2020-11-28T21:02:09+00:00\" \/>\n<meta name=\"twitter:card\" content=\"summary_large_image\" \/>\n<meta name=\"twitter:label1\" content=\"Est. reading time\" \/>\n\t<meta name=\"twitter:data1\" content=\"5 minutes\" \/>\n<script type=\"application\/ld+json\" class=\"yoast-schema-graph\">{\"@context\":\"https:\/\/schema.org\",\"@graph\":[{\"@type\":\"WebPage\",\"@id\":\"https:\/\/publicidadentapetes.com\/index.php\/manejo-de-datos\/\",\"url\":\"https:\/\/publicidadentapetes.com\/index.php\/manejo-de-datos\/\",\"name\":\"Manejo de Datos - Publicidad en tapetes\",\"isPartOf\":{\"@id\":\"https:\/\/publicidadentapetes.com\/#website\"},\"datePublished\":\"2020-11-28T21:02:07+00:00\",\"dateModified\":\"2020-11-28T21:02:09+00:00\",\"breadcrumb\":{\"@id\":\"https:\/\/publicidadentapetes.com\/index.php\/manejo-de-datos\/#breadcrumb\"},\"inLanguage\":\"en-US\",\"potentialAction\":[{\"@type\":\"ReadAction\",\"target\":[\"https:\/\/publicidadentapetes.com\/index.php\/manejo-de-datos\/\"]}]},{\"@type\":\"BreadcrumbList\",\"@id\":\"https:\/\/publicidadentapetes.com\/index.php\/manejo-de-datos\/#breadcrumb\",\"itemListElement\":[{\"@type\":\"ListItem\",\"position\":1,\"name\":\"Portada\",\"item\":\"https:\/\/publicidadentapetes.com\/\"},{\"@type\":\"ListItem\",\"position\":2,\"name\":\"Manejo de Datos\"}]},{\"@type\":\"WebSite\",\"@id\":\"https:\/\/publicidadentapetes.com\/#website\",\"url\":\"https:\/\/publicidadentapetes.com\/\",\"name\":\"Publicidad en tapetes\",\"description\":\"Publicidad en tapetes\",\"potentialAction\":[{\"@type\":\"SearchAction\",\"target\":{\"@type\":\"EntryPoint\",\"urlTemplate\":\"https:\/\/publicidadentapetes.com\/?s={search_term_string}\"},\"query-input\":{\"@type\":\"PropertyValueSpecification\",\"valueRequired\":true,\"valueName\":\"search_term_string\"}}],\"inLanguage\":\"en-US\"}]}<\/script>\n<!-- \/ Yoast SEO plugin. -->","yoast_head_json":{"title":"Manejo de Datos - Publicidad en tapetes","robots":{"index":"index","follow":"follow","max-snippet":"max-snippet:-1","max-image-preview":"max-image-preview:large","max-video-preview":"max-video-preview:-1"},"canonical":"https:\/\/publicidadentapetes.com\/index.php\/manejo-de-datos\/","og_locale":"en_US","og_type":"article","og_title":"Manejo de Datos - Publicidad en tapetes","og_description":"Responsable del Fichero Leticia Ch\u00e1vez, en adelante TAPETESCONMARCA.COM, tel\u00e9fono 3336203911 y direcci\u00f3n de email es el responsable de los ficheros en los que se incluir\u00e1n los datos personales recogidos y tratados desde esta p\u00e1gina web. Estos ficheros se encuentran protegidos por el Aviso de Privacidad. Recogida de Datos TAPETESCONMARCA.COM \u00fanicamente recoge los datos de car\u00e1cter [&hellip;]","og_url":"https:\/\/publicidadentapetes.com\/index.php\/manejo-de-datos\/","og_site_name":"Publicidad en tapetes","article_modified_time":"2020-11-28T21:02:09+00:00","twitter_card":"summary_large_image","twitter_misc":{"Est. reading time":"5 minutes"},"schema":{"@context":"https:\/\/schema.org","@graph":[{"@type":"WebPage","@id":"https:\/\/publicidadentapetes.com\/index.php\/manejo-de-datos\/","url":"https:\/\/publicidadentapetes.com\/index.php\/manejo-de-datos\/","name":"Manejo de Datos - Publicidad en tapetes","isPartOf":{"@id":"https:\/\/publicidadentapetes.com\/#website"},"datePublished":"2020-11-28T21:02:07+00:00","dateModified":"2020-11-28T21:02:09+00:00","breadcrumb":{"@id":"https:\/\/publicidadentapetes.com\/index.php\/manejo-de-datos\/#breadcrumb"},"inLanguage":"en-US","potentialAction":[{"@type":"ReadAction","target":["https:\/\/publicidadentapetes.com\/index.php\/manejo-de-datos\/"]}]},{"@type":"BreadcrumbList","@id":"https:\/\/publicidadentapetes.com\/index.php\/manejo-de-datos\/#breadcrumb","itemListElement":[{"@type":"ListItem","position":1,"name":"Portada","item":"https:\/\/publicidadentapetes.com\/"},{"@type":"ListItem","position":2,"name":"Manejo de Datos"}]},{"@type":"WebSite","@id":"https:\/\/publicidadentapetes.com\/#website","url":"https:\/\/publicidadentapetes.com\/","name":"Publicidad en tapetes","description":"Publicidad en tapetes","potentialAction":[{"@type":"SearchAction","target":{"@type":"EntryPoint","urlTemplate":"https:\/\/publicidadentapetes.com\/?s={search_term_string}"},"query-input":{"@type":"PropertyValueSpecification","valueRequired":true,"valueName":"search_term_string"}}],"inLanguage":"en-US"}]}},"_links":{"self":[{"href":"https:\/\/publicidadentapetes.com\/index.php\/wp-json\/wp\/v2\/pages\/15","targetHints":{"allow":["GET"]}}],"collection":[{"href":"https:\/\/publicidadentapetes.com\/index.php\/wp-json\/wp\/v2\/pages"}],"about":[{"href":"https:\/\/publicidadentapetes.com\/index.php\/wp-json\/wp\/v2\/types\/page"}],"author":[{"embeddable":true,"href":"https:\/\/publicidadentapetes.com\/index.php\/wp-json\/wp\/v2\/users\/1"}],"replies":[{"embeddable":true,"href":"https:\/\/publicidadentapetes.com\/index.php\/wp-json\/wp\/v2\/comments?post=15"}],"version-history":[{"count":2,"href":"https:\/\/publicidadentapetes.com\/index.php\/wp-json\/wp\/v2\/pages\/15\/revisions"}],"predecessor-version":[{"id":18,"href":"https:\/\/publicidadentapetes.com\/index.php\/wp-json\/wp\/v2\/pages\/15\/revisions\/18"}],"wp:attachment":[{"href":"https:\/\/publicidadentapetes.com\/index.php\/wp-json\/wp\/v2\/media?parent=15"}],"curies":[{"name":"wp","href":"https:\/\/api.w.org\/{rel}","templated":true}]}}