{"id":65,"date":"2020-11-28T21:06:41","date_gmt":"2020-11-28T21:06:41","guid":{"rendered":"https:\/\/publicidadentapetes.com\/?page_id=65"},"modified":"2020-11-28T21:06:44","modified_gmt":"2020-11-28T21:06:44","slug":"como-hacer-un-pedido","status":"publish","type":"page","link":"https:\/\/publicidadentapetes.com\/index.php\/como-hacer-un-pedido\/","title":{"rendered":"Como hacer un pedido"},"content":{"rendered":"<p>[et_pb_section fb_built=&#8221;1&#8243; _builder_version=&#8221;3.22&#8243; custom_padding=&#8221;54px|0px|0px|0px&#8221;][et_pb_row _builder_version=&#8221;3.25&#8243; background_size=&#8221;initial&#8221; background_position=&#8221;top_left&#8221; background_repeat=&#8221;repeat&#8221; custom_padding=&#8221;27px|0px|0px|0px&#8221;][et_pb_column type=&#8221;4_4&#8243; _builder_version=&#8221;3.25&#8243; custom_padding=&#8221;|||&#8221; custom_padding__hover=&#8221;|||&#8221;][et_pb_text _builder_version=&#8221;3.27.4&#8243; header_font=&#8221;Montserrat||||&#8221; custom_margin=&#8221;||40px|&#8221;]<\/p>\n<h1><span style=\"color: #000000;\">Una gu\u00eda r\u00e1pida de como hacer un pedido\u00a0<\/span><\/h1>\n<h4>Todo son facilidades<\/h4>\n<p>Los tr\u00e1mites y pasos para escoger y encargar tus tapetes son f\u00e1ciles y sin complicaciones.<br \/>\n[\/et_pb_text][et_pb_blurb title=&#8221;1. Elige los productos que se ajusten a tus necesidades&#8221; use_icon=&#8221;on&#8221; font_icon=&#8221;%%75%%&#8221; icon_placement=&#8221;left&#8221; use_icon_font_size=&#8221;on&#8221; icon_font_size=&#8221;53px&#8221; _builder_version=&#8221;3.0.74&#8243; header_font=&#8221;||||&#8221; header_text_color=&#8221;#004c8d&#8221; custom_margin=&#8221;||20px|&#8221; custom_padding=&#8221;10px|5px|10px|5px&#8221;]<\/p>\n<p style=\"text-align: justify;\">Puedes buscarlo por tipo de tapete y medida.<\/p>\n<p>[\/et_pb_blurb][et_pb_divider color=&#8221;#a7a9ab&#8221; divider_weight=&#8221;2px&#8221; disabled_on=&#8221;on|on|off&#8221; _builder_version=&#8221;3.2&#8243; height=&#8221;false&#8221;]&nbsp;<br \/>\n[\/et_pb_divider][et_pb_blurb title=&#8221;2. Haz tu pedido&#8221; use_icon=&#8221;on&#8221; font_icon=&#8221;%%114%%&#8221; icon_placement=&#8221;left&#8221; use_icon_font_size=&#8221;on&#8221; icon_font_size=&#8221;53px&#8221; _builder_version=&#8221;3.0.74&#8243; header_font=&#8221;||||&#8221; header_text_color=&#8221;#004c8d&#8221; custom_margin=&#8221;||20px|&#8221; custom_padding=&#8221;10px|5px|10px|5px&#8221;]<\/p>\n<ul>\n<li>Por la P\u00e1gina Web*<\/li>\n<li class=\"h\">Por Tel\u00e9fono<\/li>\n<li class=\"h\">Por Mail<\/li>\n<li class=\"h\">Por Inbox de Facebook<\/li>\n<\/ul>\n<p style=\"text-align: justify;\">* Si es por la Pagina Web, para comprar \u00a0no necesitas registrarte previamente. Puedes pasear por nuestra web, elegir los productos que m\u00e1s te gusten y luego proceder a su compra sin estar registrado.<\/p>\n<p>[\/et_pb_blurb][et_pb_divider color=&#8221;#a7a9ab&#8221; divider_weight=&#8221;2px&#8221; disabled_on=&#8221;on|on|off&#8221; _builder_version=&#8221;3.2&#8243; height=&#8221;false&#8221;]&nbsp;<br \/>\n[\/et_pb_divider][et_pb_blurb title=&#8221;3. Personalizamos tus tapetes&#8221; use_icon=&#8221;on&#8221; font_icon=&#8221;%%100%%&#8221; icon_placement=&#8221;left&#8221; use_icon_font_size=&#8221;on&#8221; icon_font_size=&#8221;53px&#8221; _builder_version=&#8221;3.0.74&#8243; header_font=&#8221;||||&#8221; header_text_color=&#8221;#004c8d&#8221; custom_margin=&#8221;||20px|&#8221; custom_padding=&#8221;10px|5px|10px|5px&#8221;]<\/p>\n<ul>\n<li>Con la imagen \u00f3 informaci\u00f3n que nos pides.<\/li>\n<\/ul>\n<p>[\/et_pb_blurb][et_pb_divider color=&#8221;#a7a9ab&#8221; divider_weight=&#8221;2px&#8221; disabled_on=&#8221;on|on|off&#8221; _builder_version=&#8221;3.2&#8243; height=&#8221;false&#8221;]&nbsp;<br \/>\n[\/et_pb_divider][et_pb_blurb title=&#8221;4. Autorizas tu pedido&#8221; use_icon=&#8221;on&#8221; font_icon=&#8221;%%57%%&#8221; icon_placement=&#8221;left&#8221; use_icon_font_size=&#8221;on&#8221; icon_font_size=&#8221;53px&#8221; _builder_version=&#8221;3.0.74&#8243; header_font=&#8221;||||&#8221; header_text_color=&#8221;#004c8d&#8221; custom_margin=&#8221;||20px|&#8221; custom_padding=&#8221;10px|5px|10px|5px&#8221;]Estaremos en contacto contigo para verificar y que autorices<\/p>\n<ul>\n<li>Datos del Pedido.<\/li>\n<li>Dise\u00f1o.<\/li>\n<li>Datos de Env\u00edo.<\/li>\n<li>Datos de Facturaci\u00f3n<\/li>\n<\/ul>\n<p>[\/et_pb_blurb][et_pb_divider color=&#8221;#a7a9ab&#8221; divider_weight=&#8221;2px&#8221; disabled_on=&#8221;on|on|off&#8221; _builder_version=&#8221;3.2&#8243; height=&#8221;false&#8221;]&nbsp;<br \/>\n[\/et_pb_divider][et_pb_blurb title=&#8221;5. Confirmas tu pago&#8221; use_icon=&#8221;on&#8221; font_icon=&#8221;%%155%%&#8221; icon_placement=&#8221;left&#8221; use_icon_font_size=&#8221;on&#8221; icon_font_size=&#8221;53px&#8221; _builder_version=&#8221;3.0.74&#8243; header_font=&#8221;||||&#8221; header_text_color=&#8221;#004c8d&#8221; custom_margin=&#8221;||20px|&#8221; custom_padding=&#8221;10px|5px|10px|5px&#8221;]<\/p>\n<ul>\n<li style=\"text-align: justify;\">Los Pagos se realizan por dep\u00f3sito bancario y transferencia Scotiabank, en OXXO, PayPal y \u00a0Pago F\u00e1cil (tarjeta cr\u00e9dito \u00f3 d\u00e9bito)<\/li>\n<li style=\"text-align: justify;\">Los Precios son en Pesos Mexicanos. Precios mas IVA<\/li>\n<\/ul>\n<p>[\/et_pb_blurb][et_pb_divider color=&#8221;#a7a9ab&#8221; divider_weight=&#8221;2px&#8221; disabled_on=&#8221;on|on|off&#8221; _builder_version=&#8221;3.2&#8243; height=&#8221;false&#8221;]&nbsp;<br \/>\n[\/et_pb_divider][et_pb_blurb title=&#8221;6. Producimos tus tapetes&#8221; use_icon=&#8221;on&#8221; font_icon=&#8221;%%127%%&#8221; icon_placement=&#8221;left&#8221; use_icon_font_size=&#8221;on&#8221; icon_font_size=&#8221;53px&#8221; _builder_version=&#8221;3.0.74&#8243; header_font=&#8221;||||&#8221; header_text_color=&#8221;#004c8d&#8221; custom_margin=&#8221;||20px|&#8221; custom_padding=&#8221;10px|5px|10px|5px&#8221;]<\/p>\n<ul>\n<li>Con tus tapetes autorizados y pagados, nosotros empezamos a producir.<\/li>\n<li>El tiempo de entrega varia de acuerdo al tipo de tapete.<\/li>\n<\/ul>\n<p>[\/et_pb_blurb][et_pb_divider color=&#8221;#a7a9ab&#8221; divider_weight=&#8221;2px&#8221; disabled_on=&#8221;on|on|off&#8221; _builder_version=&#8221;3.2&#8243; height=&#8221;false&#8221;]&nbsp;<br \/>\n[\/et_pb_divider][et_pb_blurb title=&#8221;7. Enviamos tus Tapetes&#8221; use_icon=&#8221;on&#8221; font_icon=&#8221;%%153%%&#8221; icon_placement=&#8221;left&#8221; use_icon_font_size=&#8221;on&#8221; icon_font_size=&#8221;53px&#8221; _builder_version=&#8221;3.0.74&#8243; header_font=&#8221;||||&#8221; header_text_color=&#8221;#004c8d&#8221; custom_margin=&#8221;||20px|&#8221; custom_padding=&#8221;10px|5px|10px|5px&#8221;]<\/p>\n<ul>\n<li>Liquidas el saldo<\/li>\n<li>Nosotros tenemos ya tu Direcci\u00f3n.<\/li>\n<li>Enviamos tu Tapete<\/li>\n<li>Te enviamos tu No. de Gu\u00eda.<\/li>\n<\/ul>\n<p>[\/et_pb_blurb][et_pb_divider color=&#8221;#a7a9ab&#8221; divider_weight=&#8221;2px&#8221; disabled_on=&#8221;on|on|off&#8221; _builder_version=&#8221;3.2&#8243; height=&#8221;false&#8221;]&nbsp;<br \/>\n[\/et_pb_divider][et_pb_blurb title=&#8221;FELICIDADES&#8221; use_icon=&#8221;on&#8221; font_icon=&#8221;%%235%%&#8221; icon_placement=&#8221;left&#8221; use_icon_font_size=&#8221;on&#8221; icon_font_size=&#8221;53px&#8221; _builder_version=&#8221;3.0.74&#8243; header_font=&#8221;||||&#8221; header_text_color=&#8221;#004c8d&#8221; custom_margin=&#8221;||20px|&#8221; custom_padding=&#8221;10px|5px|10px|5px&#8221;]As\u00ed de f\u00e1cil, as\u00ed de c\u00f3modo y as\u00ed de r\u00e1pido.<\/p>\n<p><em><strong>Tu compra tiene Garant\u00eda<\/strong><\/em><br \/>\n[\/et_pb_blurb][\/et_pb_column][\/et_pb_row][\/et_pb_section][et_pb_section fb_built=&#8221;1&#8243; fullwidth=&#8221;on&#8221; next_background_color=&#8221;#ffffff&#8221; _builder_version=&#8221;4.5.6&#8243; background_color=&#8221;#faa61a&#8221; width=&#8221;100%&#8221; max_width=&#8221;100%&#8221; min_height=&#8221;305px&#8221; height=&#8221;100px&#8221; max_height=&#8221;266px&#8221; custom_margin=&#8221;0px||-15px||false|false&#8221; custom_padding=&#8221;0px|0px|0px|0px|false|false&#8221; bottom_divider_style=&#8221;arrow2&#8243; saved_tabs=&#8221;all&#8221; locked=&#8221;off&#8221;][et_pb_fullwidth_header title=&#8221;Estamos para ayudarte \u00a1Cuenta con nosotros!&#8221; subhead=&#8221;Comun\u00edcate 33 1441 3247&#8243; text_orientation=&#8221;center&#8221; button_one_text=&#8221;Quiero mas informaci\u00f3n&#8221; button_one_url=&#8221;http:\/\/bit.ly\/Quieromitapeteconmarca&#8221; admin_label=&#8221;estamos para ayudarte&#8221; _builder_version=&#8221;4.5.6&#8243; title_font=&#8221;Play|700|||||||&#8221; title_text_color=&#8221;#ffffff&#8221; content_font=&#8221;Play|700|||||||&#8221; content_text_align=&#8221;center&#8221; content_text_color=&#8221;#edf000&#8243; content_font_size=&#8221;24px&#8221; content_line_height=&#8221;1.4em&#8221; subhead_font=&#8221;Play|700|||||||&#8221; subhead_text_color=&#8221;#0c71c3&#8243; subhead_font_size=&#8221;33px&#8221; subhead_line_height=&#8221;1.4em&#8221; background_color=&#8221;rgba(255, 255, 255, 0)&#8221; custom_button_one=&#8221;on&#8221; button_one_text_color=&#8221;#0c71c3&#8243; button_one_font=&#8221;|600|||||||&#8221; button_one_on_hover=&#8221;off&#8221; custom_padding=&#8221;1px||3px||false|false&#8221; title_font_size_tablet=&#8221;21px&#8221; title_font_size_phone=&#8221;25px&#8221; title_font_size_last_edited=&#8221;on|tablet&#8221; content_font_size_tablet=&#8221;17px&#8221; content_font_size_phone=&#8221;14px&#8221; content_font_size_last_edited=&#8221;on|desktop&#8221; title_text_shadow_style=&#8221;preset2&#8243; content_text_shadow_style=&#8221;preset2&#8243; button_one_text_size__hover_enabled=&#8221;off&#8221; button_two_text_size__hover_enabled=&#8221;off&#8221; button_one_text_color__hover_enabled=&#8221;off&#8221; button_two_text_color__hover_enabled=&#8221;off&#8221; button_one_border_width__hover_enabled=&#8221;off&#8221; button_two_border_width__hover_enabled=&#8221;off&#8221; button_one_border_color__hover_enabled=&#8221;off&#8221; button_two_border_color__hover_enabled=&#8221;off&#8221; button_one_border_radius__hover_enabled=&#8221;off&#8221; button_two_border_radius__hover_enabled=&#8221;off&#8221; button_one_letter_spacing__hover_enabled=&#8221;off&#8221; button_two_letter_spacing__hover_enabled=&#8221;off&#8221; button_one_bg_color__hover_enabled=&#8221;off&#8221; button_two_bg_color__hover_enabled=&#8221;off&#8221;]<\/p>\n<p><span style=\"color: #ffffff;\">10.00am a 6.00pm | elserviciovende.mary@gmail.com<\/span><\/p>\n<p>[\/et_pb_fullwidth_header][\/et_pb_section]<\/p>\n","protected":false},"excerpt":{"rendered":"<p>Una gu\u00eda r\u00e1pida de como hacer un pedido\u00a0 Todo son facilidades Los tr\u00e1mites y pasos para escoger y encargar tus tapetes son f\u00e1ciles y sin complicaciones. Puedes buscarlo por tipo de tapete y medida. &nbsp; Por la P\u00e1gina Web* Por Tel\u00e9fono Por Mail Por Inbox de Facebook * Si es por la Pagina Web, para [&hellip;]<\/p>\n","protected":false},"author":1,"featured_media":0,"parent":0,"menu_order":0,"comment_status":"closed","ping_status":"closed","template":"","meta":{"_et_pb_use_builder":"on","_et_pb_old_content":"","_et_gb_content_width":"","footnotes":""},"class_list":["post-65","page","type-page","status-publish","hentry"],"yoast_head":"<!-- This site is optimized with the Yoast SEO plugin v24.8 - https:\/\/yoast.com\/wordpress\/plugins\/seo\/ -->\n<title>Como hacer un pedido - Publicidad en tapetes<\/title>\n<meta name=\"robots\" content=\"index, follow, max-snippet:-1, max-image-preview:large, max-video-preview:-1\" \/>\n<link rel=\"canonical\" href=\"https:\/\/publicidadentapetes.com\/index.php\/como-hacer-un-pedido\/\" \/>\n<meta property=\"og:locale\" content=\"en_US\" \/>\n<meta property=\"og:type\" content=\"article\" \/>\n<meta property=\"og:title\" content=\"Como hacer un pedido - Publicidad en tapetes\" \/>\n<meta property=\"og:description\" content=\"Una gu\u00eda r\u00e1pida de como hacer un pedido\u00a0 Todo son facilidades Los tr\u00e1mites y pasos para escoger y encargar tus tapetes son f\u00e1ciles y sin complicaciones. Puedes buscarlo por tipo de tapete y medida. &nbsp; Por la P\u00e1gina Web* Por Tel\u00e9fono Por Mail Por Inbox de Facebook * Si es por la Pagina Web, para [&hellip;]\" \/>\n<meta property=\"og:url\" content=\"https:\/\/publicidadentapetes.com\/index.php\/como-hacer-un-pedido\/\" \/>\n<meta property=\"og:site_name\" content=\"Publicidad en tapetes\" \/>\n<meta property=\"article:modified_time\" content=\"2020-11-28T21:06:44+00:00\" \/>\n<meta name=\"twitter:card\" content=\"summary_large_image\" \/>\n<meta name=\"twitter:label1\" content=\"Est. reading time\" \/>\n\t<meta name=\"twitter:data1\" content=\"6 minutes\" \/>\n<script type=\"application\/ld+json\" class=\"yoast-schema-graph\">{\"@context\":\"https:\/\/schema.org\",\"@graph\":[{\"@type\":\"WebPage\",\"@id\":\"https:\/\/publicidadentapetes.com\/index.php\/como-hacer-un-pedido\/\",\"url\":\"https:\/\/publicidadentapetes.com\/index.php\/como-hacer-un-pedido\/\",\"name\":\"Como hacer un pedido - Publicidad en tapetes\",\"isPartOf\":{\"@id\":\"https:\/\/publicidadentapetes.com\/#website\"},\"datePublished\":\"2020-11-28T21:06:41+00:00\",\"dateModified\":\"2020-11-28T21:06:44+00:00\",\"breadcrumb\":{\"@id\":\"https:\/\/publicidadentapetes.com\/index.php\/como-hacer-un-pedido\/#breadcrumb\"},\"inLanguage\":\"en-US\",\"potentialAction\":[{\"@type\":\"ReadAction\",\"target\":[\"https:\/\/publicidadentapetes.com\/index.php\/como-hacer-un-pedido\/\"]}]},{\"@type\":\"BreadcrumbList\",\"@id\":\"https:\/\/publicidadentapetes.com\/index.php\/como-hacer-un-pedido\/#breadcrumb\",\"itemListElement\":[{\"@type\":\"ListItem\",\"position\":1,\"name\":\"Portada\",\"item\":\"https:\/\/publicidadentapetes.com\/\"},{\"@type\":\"ListItem\",\"position\":2,\"name\":\"Como hacer un pedido\"}]},{\"@type\":\"WebSite\",\"@id\":\"https:\/\/publicidadentapetes.com\/#website\",\"url\":\"https:\/\/publicidadentapetes.com\/\",\"name\":\"Publicidad en tapetes\",\"description\":\"Publicidad en tapetes\",\"potentialAction\":[{\"@type\":\"SearchAction\",\"target\":{\"@type\":\"EntryPoint\",\"urlTemplate\":\"https:\/\/publicidadentapetes.com\/?s={search_term_string}\"},\"query-input\":{\"@type\":\"PropertyValueSpecification\",\"valueRequired\":true,\"valueName\":\"search_term_string\"}}],\"inLanguage\":\"en-US\"}]}<\/script>\n<!-- \/ Yoast SEO plugin. -->","yoast_head_json":{"title":"Como hacer un pedido - Publicidad en tapetes","robots":{"index":"index","follow":"follow","max-snippet":"max-snippet:-1","max-image-preview":"max-image-preview:large","max-video-preview":"max-video-preview:-1"},"canonical":"https:\/\/publicidadentapetes.com\/index.php\/como-hacer-un-pedido\/","og_locale":"en_US","og_type":"article","og_title":"Como hacer un pedido - Publicidad en tapetes","og_description":"Una gu\u00eda r\u00e1pida de como hacer un pedido\u00a0 Todo son facilidades Los tr\u00e1mites y pasos para escoger y encargar tus tapetes son f\u00e1ciles y sin complicaciones. Puedes buscarlo por tipo de tapete y medida. &nbsp; Por la P\u00e1gina Web* Por Tel\u00e9fono Por Mail Por Inbox de Facebook * Si es por la Pagina Web, para [&hellip;]","og_url":"https:\/\/publicidadentapetes.com\/index.php\/como-hacer-un-pedido\/","og_site_name":"Publicidad en tapetes","article_modified_time":"2020-11-28T21:06:44+00:00","twitter_card":"summary_large_image","twitter_misc":{"Est. reading time":"6 minutes"},"schema":{"@context":"https:\/\/schema.org","@graph":[{"@type":"WebPage","@id":"https:\/\/publicidadentapetes.com\/index.php\/como-hacer-un-pedido\/","url":"https:\/\/publicidadentapetes.com\/index.php\/como-hacer-un-pedido\/","name":"Como hacer un pedido - Publicidad en tapetes","isPartOf":{"@id":"https:\/\/publicidadentapetes.com\/#website"},"datePublished":"2020-11-28T21:06:41+00:00","dateModified":"2020-11-28T21:06:44+00:00","breadcrumb":{"@id":"https:\/\/publicidadentapetes.com\/index.php\/como-hacer-un-pedido\/#breadcrumb"},"inLanguage":"en-US","potentialAction":[{"@type":"ReadAction","target":["https:\/\/publicidadentapetes.com\/index.php\/como-hacer-un-pedido\/"]}]},{"@type":"BreadcrumbList","@id":"https:\/\/publicidadentapetes.com\/index.php\/como-hacer-un-pedido\/#breadcrumb","itemListElement":[{"@type":"ListItem","position":1,"name":"Portada","item":"https:\/\/publicidadentapetes.com\/"},{"@type":"ListItem","position":2,"name":"Como hacer un pedido"}]},{"@type":"WebSite","@id":"https:\/\/publicidadentapetes.com\/#website","url":"https:\/\/publicidadentapetes.com\/","name":"Publicidad en tapetes","description":"Publicidad en tapetes","potentialAction":[{"@type":"SearchAction","target":{"@type":"EntryPoint","urlTemplate":"https:\/\/publicidadentapetes.com\/?s={search_term_string}"},"query-input":{"@type":"PropertyValueSpecification","valueRequired":true,"valueName":"search_term_string"}}],"inLanguage":"en-US"}]}},"_links":{"self":[{"href":"https:\/\/publicidadentapetes.com\/index.php\/wp-json\/wp\/v2\/pages\/65","targetHints":{"allow":["GET"]}}],"collection":[{"href":"https:\/\/publicidadentapetes.com\/index.php\/wp-json\/wp\/v2\/pages"}],"about":[{"href":"https:\/\/publicidadentapetes.com\/index.php\/wp-json\/wp\/v2\/types\/page"}],"author":[{"embeddable":true,"href":"https:\/\/publicidadentapetes.com\/index.php\/wp-json\/wp\/v2\/users\/1"}],"replies":[{"embeddable":true,"href":"https:\/\/publicidadentapetes.com\/index.php\/wp-json\/wp\/v2\/comments?post=65"}],"version-history":[{"count":2,"href":"https:\/\/publicidadentapetes.com\/index.php\/wp-json\/wp\/v2\/pages\/65\/revisions"}],"predecessor-version":[{"id":68,"href":"https:\/\/publicidadentapetes.com\/index.php\/wp-json\/wp\/v2\/pages\/65\/revisions\/68"}],"wp:attachment":[{"href":"https:\/\/publicidadentapetes.com\/index.php\/wp-json\/wp\/v2\/media?parent=65"}],"curies":[{"name":"wp","href":"https:\/\/api.w.org\/{rel}","templated":true}]}}