{"id":73,"date":"2020-11-28T21:08:04","date_gmt":"2020-11-28T21:08:04","guid":{"rendered":"https:\/\/publicidadentapetes.com\/?page_id=73"},"modified":"2020-12-01T13:12:45","modified_gmt":"2020-12-01T13:12:45","slug":"envio-y-precios","status":"publish","type":"page","link":"https:\/\/publicidadentapetes.com\/index.php\/envio-y-precios\/","title":{"rendered":"Envio y precios"},"content":{"rendered":"<p>[et_pb_section fb_built=&#8221;1&#8243; _builder_version=&#8221;3.22&#8243; custom_padding=&#8221;54px|0px|0px|0px&#8221;][et_pb_row _builder_version=&#8221;3.25&#8243; background_size=&#8221;initial&#8221; background_position=&#8221;top_left&#8221; background_repeat=&#8221;repeat&#8221; custom_padding=&#8221;15px|0px|18px|0px&#8221;][et_pb_column type=&#8221;4_4&#8243; _builder_version=&#8221;3.25&#8243; custom_padding=&#8221;|||&#8221; custom_padding__hover=&#8221;|||&#8221;][et_pb_text _builder_version=&#8221;3.27.4&#8243; header_font=&#8221;Montserrat||||&#8221; custom_margin=&#8221;||40px|&#8221;]<\/p>\n<h1><span style=\"color: #000000;\">\u00bfCu\u00e1nto me va a costar y cu\u00e1nto tarda el envio?\u00a0<\/span><\/h1>\n<h4>Aqu\u00ed te <span style=\"text-decoration: underline;\">informamos solamente del tiempo de envio.<\/span><\/h4>\n<p>La fabricaci\u00f3n de los tapetes var\u00eda de acuerdo al tipo y cantidad: considera Tiempo de producci\u00f3n de tus tapetes + de 2 a 5 d\u00edas h\u00e1biles promedio de entrega.<br \/>\n[\/et_pb_text][et_pb_text admin_label=&#8221;es bueno que sepas&#8221; _builder_version=&#8221;3.27.4&#8243;]<\/p>\n<h2>Es bueno que sepas que<\/h2>\n<ol>\n<li>Entrega sin costo en Guadalajara y Zona Metropolitana.<\/li>\n<li>Puedes pasar directamente a nuestras oficinas a recoger tu pedido.<\/li>\n<li>Enviamos a todo M\u00e9xico por fleteras super econ\u00f3micas, que van A DOMICILIO Y POR COBRAR\u00a0 a la direcci\u00f3n que nos proporcionas.<\/li>\n<\/ol>\n<p><span style=\"color: #3366ff;\"><strong>No podemos darte una tarifa fija, ya que depende del volumen de tu compra y el destino de envio.<\/strong><\/span><br \/>\n[\/et_pb_text][\/et_pb_column][\/et_pb_row][et_pb_row _builder_version=&#8221;3.25&#8243; background_size=&#8221;initial&#8221; background_position=&#8221;top_left&#8221; background_repeat=&#8221;repeat&#8221; custom_padding=&#8221;15px|0px|27px|0px&#8221;][et_pb_column type=&#8221;4_4&#8243; _builder_version=&#8221;3.25&#8243; custom_padding=&#8221;|||&#8221; custom_padding__hover=&#8221;|||&#8221;][et_pb_text admin_label=&#8221;una vez enviado tu producto&#8221; _builder_version=&#8221;3.27.4&#8243;]<\/p>\n<h2>Una vez enviado tu producto<\/h2>\n<ul>\n<li><strong><span style=\"color: #003366;\">Los plazos de entrega var\u00edan en funci\u00f3n\u00a0 del destino del env\u00edo.<\/span>\u00a0<\/strong>Nosotros no somos responsables de los tiempos de entrega\u00a0o manejo del producto una vez entregado en la empresa de transporte.<\/li>\n<li>Debes tener en cuenta, adem\u00e1s, que nuestros tapetes se fabrican bajo pedido y, es por ello, que los tiempos pueden ser algo superiores, sum\u00e1ndole el transporte.<\/li>\n<li>Es importante tener en cuenta que el d\u00eda en que se realiza el pedido no se debe contar.<\/li>\n<li>La compra efectuada en s\u00e1bado, domingo o d\u00eda festivo, se entiende efectuada al siguiente lunes o siguiente d\u00eda h\u00e1bil.<\/li>\n<\/ul>\n<p>[\/et_pb_text][et_pb_text admin_label=&#8221;vivo fuera de mexico&#8221; _builder_version=&#8221;3.27.4&#8243;]<\/p>\n<h2 class=\"\">Vivo fuera de M\u00e9xico\u2026 \u00bfpuedo hacer un pedido?<\/h2>\n<p>\u00a1Desde luego! Debes contactarnos por mail \u00a0tapetesconmarca@gmail.com<\/p>\n<p>Nosotros te confirmaremos el precio de tu pedido en base al tipo de cambio y tambi\u00e9n podremos hacerte una cotizaci\u00f3n del envio mediante UPS \u00f3 Estafeta.<br \/>\n[\/et_pb_text][\/et_pb_column][\/et_pb_row][\/et_pb_section][et_pb_section fb_built=&#8221;1&#8243; fullwidth=&#8221;on&#8221; next_background_color=&#8221;#ffffff&#8221; _builder_version=&#8221;4.5.6&#8243; background_color=&#8221;#faa61a&#8221; width=&#8221;100%&#8221; max_width=&#8221;100%&#8221; min_height=&#8221;305px&#8221; height=&#8221;100px&#8221; max_height=&#8221;266px&#8221; custom_margin=&#8221;0px||-15px||false|false&#8221; custom_padding=&#8221;0px|0px|0px|0px|false|false&#8221; bottom_divider_style=&#8221;arrow2&#8243; saved_tabs=&#8221;all&#8221; locked=&#8221;off&#8221;][et_pb_fullwidth_header title=&#8221;Estamos para ayudarte \u00a1Cuenta con nosotros!&#8221; subhead=&#8221;Comun\u00edcate 33 1441 3247&#8243; text_orientation=&#8221;center&#8221; button_one_text=&#8221;Quiero mas informaci\u00f3n&#8221; button_one_url=&#8221;http:\/\/bit.ly\/Quieromitapeteconmarca&#8221; admin_label=&#8221;estamos para ayudarte&#8221; _builder_version=&#8221;4.5.6&#8243; title_font=&#8221;Play|700|||||||&#8221; title_text_color=&#8221;#ffffff&#8221; content_font=&#8221;Play|700|||||||&#8221; content_text_align=&#8221;center&#8221; content_text_color=&#8221;#edf000&#8243; content_font_size=&#8221;24px&#8221; content_line_height=&#8221;1.4em&#8221; subhead_font=&#8221;Play|700|||||||&#8221; subhead_text_color=&#8221;#0c71c3&#8243; subhead_font_size=&#8221;33px&#8221; subhead_line_height=&#8221;1.4em&#8221; background_color=&#8221;rgba(255, 255, 255, 0)&#8221; custom_button_one=&#8221;on&#8221; button_one_text_color=&#8221;#0c71c3&#8243; button_one_font=&#8221;|600|||||||&#8221; button_one_on_hover=&#8221;off&#8221; custom_padding=&#8221;1px||3px||false|false&#8221; title_font_size_tablet=&#8221;21px&#8221; title_font_size_phone=&#8221;25px&#8221; title_font_size_last_edited=&#8221;on|tablet&#8221; content_font_size_tablet=&#8221;17px&#8221; content_font_size_phone=&#8221;14px&#8221; content_font_size_last_edited=&#8221;on|desktop&#8221; title_text_shadow_style=&#8221;preset2&#8243; content_text_shadow_style=&#8221;preset2&#8243; button_one_text_size__hover_enabled=&#8221;off&#8221; button_two_text_size__hover_enabled=&#8221;off&#8221; button_one_text_color__hover_enabled=&#8221;off&#8221; button_two_text_color__hover_enabled=&#8221;off&#8221; button_one_border_width__hover_enabled=&#8221;off&#8221; button_two_border_width__hover_enabled=&#8221;off&#8221; button_one_border_color__hover_enabled=&#8221;off&#8221; button_two_border_color__hover_enabled=&#8221;off&#8221; button_one_border_radius__hover_enabled=&#8221;off&#8221; button_two_border_radius__hover_enabled=&#8221;off&#8221; button_one_letter_spacing__hover_enabled=&#8221;off&#8221; button_two_letter_spacing__hover_enabled=&#8221;off&#8221; button_one_bg_color__hover_enabled=&#8221;off&#8221; button_two_bg_color__hover_enabled=&#8221;off&#8221;]<\/p>\n<p><span style=\"color: #ffffff;\">10.00am a 6.00pm | elserviciovende.mary@gmail.com<\/span><\/p>\n<p>[\/et_pb_fullwidth_header][\/et_pb_section]<\/p>\n","protected":false},"excerpt":{"rendered":"<p>\u00bfCu\u00e1nto me va a costar y cu\u00e1nto tarda el envio?\u00a0 Aqu\u00ed te informamos solamente del tiempo de envio. La fabricaci\u00f3n de los tapetes var\u00eda de acuerdo al tipo y cantidad: considera Tiempo de producci\u00f3n de tus tapetes + de 2 a 5 d\u00edas h\u00e1biles promedio de entrega. Es bueno que sepas que Entrega sin costo [&hellip;]<\/p>\n","protected":false},"author":1,"featured_media":0,"parent":0,"menu_order":0,"comment_status":"closed","ping_status":"closed","template":"","meta":{"_et_pb_use_builder":"on","_et_pb_old_content":"","_et_gb_content_width":"","footnotes":""},"class_list":["post-73","page","type-page","status-publish","hentry"],"yoast_head":"<!-- This site is optimized with the Yoast SEO plugin v24.8 - https:\/\/yoast.com\/wordpress\/plugins\/seo\/ -->\n<title>Envio y precios - Publicidad en tapetes<\/title>\n<meta name=\"robots\" content=\"index, follow, max-snippet:-1, max-image-preview:large, max-video-preview:-1\" \/>\n<link rel=\"canonical\" href=\"https:\/\/publicidadentapetes.com\/index.php\/envio-y-precios\/\" \/>\n<meta property=\"og:locale\" content=\"en_US\" \/>\n<meta property=\"og:type\" content=\"article\" \/>\n<meta property=\"og:title\" content=\"Envio y precios - Publicidad en tapetes\" \/>\n<meta property=\"og:description\" content=\"\u00bfCu\u00e1nto me va a costar y cu\u00e1nto tarda el envio?\u00a0 Aqu\u00ed te informamos solamente del tiempo de envio. La fabricaci\u00f3n de los tapetes var\u00eda de acuerdo al tipo y cantidad: considera Tiempo de producci\u00f3n de tus tapetes + de 2 a 5 d\u00edas h\u00e1biles promedio de entrega. Es bueno que sepas que Entrega sin costo [&hellip;]\" \/>\n<meta property=\"og:url\" content=\"https:\/\/publicidadentapetes.com\/index.php\/envio-y-precios\/\" \/>\n<meta property=\"og:site_name\" content=\"Publicidad en tapetes\" \/>\n<meta property=\"article:modified_time\" content=\"2020-12-01T13:12:45+00:00\" \/>\n<meta name=\"twitter:card\" content=\"summary_large_image\" \/>\n<meta name=\"twitter:label1\" content=\"Est. reading time\" \/>\n\t<meta name=\"twitter:data1\" content=\"4 minutes\" \/>\n<script type=\"application\/ld+json\" class=\"yoast-schema-graph\">{\"@context\":\"https:\/\/schema.org\",\"@graph\":[{\"@type\":\"WebPage\",\"@id\":\"https:\/\/publicidadentapetes.com\/index.php\/envio-y-precios\/\",\"url\":\"https:\/\/publicidadentapetes.com\/index.php\/envio-y-precios\/\",\"name\":\"Envio y precios - Publicidad en tapetes\",\"isPartOf\":{\"@id\":\"https:\/\/publicidadentapetes.com\/#website\"},\"datePublished\":\"2020-11-28T21:08:04+00:00\",\"dateModified\":\"2020-12-01T13:12:45+00:00\",\"breadcrumb\":{\"@id\":\"https:\/\/publicidadentapetes.com\/index.php\/envio-y-precios\/#breadcrumb\"},\"inLanguage\":\"en-US\",\"potentialAction\":[{\"@type\":\"ReadAction\",\"target\":[\"https:\/\/publicidadentapetes.com\/index.php\/envio-y-precios\/\"]}]},{\"@type\":\"BreadcrumbList\",\"@id\":\"https:\/\/publicidadentapetes.com\/index.php\/envio-y-precios\/#breadcrumb\",\"itemListElement\":[{\"@type\":\"ListItem\",\"position\":1,\"name\":\"Portada\",\"item\":\"https:\/\/publicidadentapetes.com\/\"},{\"@type\":\"ListItem\",\"position\":2,\"name\":\"Envio y precios\"}]},{\"@type\":\"WebSite\",\"@id\":\"https:\/\/publicidadentapetes.com\/#website\",\"url\":\"https:\/\/publicidadentapetes.com\/\",\"name\":\"Publicidad en tapetes\",\"description\":\"Publicidad en tapetes\",\"potentialAction\":[{\"@type\":\"SearchAction\",\"target\":{\"@type\":\"EntryPoint\",\"urlTemplate\":\"https:\/\/publicidadentapetes.com\/?s={search_term_string}\"},\"query-input\":{\"@type\":\"PropertyValueSpecification\",\"valueRequired\":true,\"valueName\":\"search_term_string\"}}],\"inLanguage\":\"en-US\"}]}<\/script>\n<!-- \/ Yoast SEO plugin. -->","yoast_head_json":{"title":"Envio y precios - Publicidad en tapetes","robots":{"index":"index","follow":"follow","max-snippet":"max-snippet:-1","max-image-preview":"max-image-preview:large","max-video-preview":"max-video-preview:-1"},"canonical":"https:\/\/publicidadentapetes.com\/index.php\/envio-y-precios\/","og_locale":"en_US","og_type":"article","og_title":"Envio y precios - Publicidad en tapetes","og_description":"\u00bfCu\u00e1nto me va a costar y cu\u00e1nto tarda el envio?\u00a0 Aqu\u00ed te informamos solamente del tiempo de envio. La fabricaci\u00f3n de los tapetes var\u00eda de acuerdo al tipo y cantidad: considera Tiempo de producci\u00f3n de tus tapetes + de 2 a 5 d\u00edas h\u00e1biles promedio de entrega. Es bueno que sepas que Entrega sin costo [&hellip;]","og_url":"https:\/\/publicidadentapetes.com\/index.php\/envio-y-precios\/","og_site_name":"Publicidad en tapetes","article_modified_time":"2020-12-01T13:12:45+00:00","twitter_card":"summary_large_image","twitter_misc":{"Est. reading time":"4 minutes"},"schema":{"@context":"https:\/\/schema.org","@graph":[{"@type":"WebPage","@id":"https:\/\/publicidadentapetes.com\/index.php\/envio-y-precios\/","url":"https:\/\/publicidadentapetes.com\/index.php\/envio-y-precios\/","name":"Envio y precios - Publicidad en tapetes","isPartOf":{"@id":"https:\/\/publicidadentapetes.com\/#website"},"datePublished":"2020-11-28T21:08:04+00:00","dateModified":"2020-12-01T13:12:45+00:00","breadcrumb":{"@id":"https:\/\/publicidadentapetes.com\/index.php\/envio-y-precios\/#breadcrumb"},"inLanguage":"en-US","potentialAction":[{"@type":"ReadAction","target":["https:\/\/publicidadentapetes.com\/index.php\/envio-y-precios\/"]}]},{"@type":"BreadcrumbList","@id":"https:\/\/publicidadentapetes.com\/index.php\/envio-y-precios\/#breadcrumb","itemListElement":[{"@type":"ListItem","position":1,"name":"Portada","item":"https:\/\/publicidadentapetes.com\/"},{"@type":"ListItem","position":2,"name":"Envio y precios"}]},{"@type":"WebSite","@id":"https:\/\/publicidadentapetes.com\/#website","url":"https:\/\/publicidadentapetes.com\/","name":"Publicidad en tapetes","description":"Publicidad en tapetes","potentialAction":[{"@type":"SearchAction","target":{"@type":"EntryPoint","urlTemplate":"https:\/\/publicidadentapetes.com\/?s={search_term_string}"},"query-input":{"@type":"PropertyValueSpecification","valueRequired":true,"valueName":"search_term_string"}}],"inLanguage":"en-US"}]}},"_links":{"self":[{"href":"https:\/\/publicidadentapetes.com\/index.php\/wp-json\/wp\/v2\/pages\/73","targetHints":{"allow":["GET"]}}],"collection":[{"href":"https:\/\/publicidadentapetes.com\/index.php\/wp-json\/wp\/v2\/pages"}],"about":[{"href":"https:\/\/publicidadentapetes.com\/index.php\/wp-json\/wp\/v2\/types\/page"}],"author":[{"embeddable":true,"href":"https:\/\/publicidadentapetes.com\/index.php\/wp-json\/wp\/v2\/users\/1"}],"replies":[{"embeddable":true,"href":"https:\/\/publicidadentapetes.com\/index.php\/wp-json\/wp\/v2\/comments?post=73"}],"version-history":[{"count":2,"href":"https:\/\/publicidadentapetes.com\/index.php\/wp-json\/wp\/v2\/pages\/73\/revisions"}],"predecessor-version":[{"id":76,"href":"https:\/\/publicidadentapetes.com\/index.php\/wp-json\/wp\/v2\/pages\/73\/revisions\/76"}],"wp:attachment":[{"href":"https:\/\/publicidadentapetes.com\/index.php\/wp-json\/wp\/v2\/media?parent=73"}],"curies":[{"name":"wp","href":"https:\/\/api.w.org\/{rel}","templated":true}]}}