{"id":77,"date":"2020-11-28T21:09:50","date_gmt":"2020-11-28T21:09:50","guid":{"rendered":"https:\/\/publicidadentapetes.com\/?page_id=77"},"modified":"2020-11-28T21:09:53","modified_gmt":"2020-11-28T21:09:53","slug":"condiciones-de-compra","status":"publish","type":"page","link":"https:\/\/publicidadentapetes.com\/index.php\/condiciones-de-compra\/","title":{"rendered":"Condiciones de compra"},"content":{"rendered":"<p>[et_pb_section fb_built=&#8221;1&#8243; _builder_version=&#8221;3.22&#8243; custom_padding=&#8221;54px|0px|25px|0px&#8221;][et_pb_row _builder_version=&#8221;3.25&#8243; background_size=&#8221;initial&#8221; background_position=&#8221;top_left&#8221; background_repeat=&#8221;repeat&#8221; custom_padding=&#8221;20px|0px|0px|0px&#8221;][et_pb_column type=&#8221;4_4&#8243; _builder_version=&#8221;3.25&#8243; custom_padding=&#8221;|||&#8221; custom_padding__hover=&#8221;|||&#8221;][et_pb_text _builder_version=&#8221;3.27.4&#8243; header_font=&#8221;Montserrat||||&#8221; custom_margin=&#8221;||40px|&#8221;]<\/p>\n<h1><span style=\"color: #000000;\">T\u00e9rminos y condiciones \u00a0<\/span><\/h1>\n<h4>Acerca de compra, envios y devoluciones y las garant\u00edas<\/h4>\n<p>Tienes Garant\u00eda en tu compra. Nos entregamos a nuestro trabajo porque creemos sinceramente en lo que hacemos, y adem\u00e1s nos une un objetivo en com\u00fan: la felicidad y satisfacci\u00f3n de nuestros clientes.<br \/>\n[\/et_pb_text][\/et_pb_column][\/et_pb_row][et_pb_row _builder_version=&#8221;3.25&#8243; background_size=&#8221;initial&#8221; background_position=&#8221;top_left&#8221; background_repeat=&#8221;repeat&#8221; custom_padding=&#8221;0px|0px|27px|0px&#8221;][et_pb_column type=&#8221;4_4&#8243; _builder_version=&#8221;3.25&#8243; custom_padding=&#8221;|||&#8221; custom_padding__hover=&#8221;|||&#8221;][et_pb_text _builder_version=&#8221;3.27.4&#8243;]<\/p>\n<h1>Acerca de tu compra<\/h1>\n<p>[\/et_pb_text][et_pb_accordion icon_color=&#8221;#0c71c3&#8243; admin_label=&#8221;Acerca de tu Compra&#8221; _builder_version=&#8221;3.0.63&#8243;][et_pb_accordion_item title=&#8221;\u00bfC\u00f3mo puedo comprar?&#8221; open=&#8221;on&#8221; open_toggle_background_color=&#8221;rgba(142,216,58,0.31)&#8221; closed_toggle_background_color=&#8221;rgba(124,218,36,0.47)&#8221; _builder_version=&#8221;3.0.63&#8243;]<\/p>\n<ul>\n<li class=\"h\">Por Tel\u00e9fono<\/li>\n<li class=\"h\">Por Mail<\/li>\n<li class=\"h\">Por la Pagina Web<\/li>\n<li class=\"h\">Por Inbox de Facebook<\/li>\n<\/ul>\n<p>Los Pagos se realizan por dep\u00f3sito bancario y transferencia Scotiabank, en OXXO, PayPal y \u00a0Pago F\u00e1cil (tarjeta cr\u00e9dito \u00f3 d\u00e9bito) Los Precios son en Pesos Mexicanos. Precios mas IVA .<em><strong>\u00a0SIEMPRE validaremos tu Pedido antes enviarlo. No te preocupes.<\/strong><\/em><\/p>\n<p class=\"h\">Si es por la Pagina Web, para comprar \u00a0no necesitas registrarte previamente. Puedes pasear por nuestra web, elegir los productos que m\u00e1s te gusten y luego proceder a su compra sin estar registrado.<\/p>\n<p>[\/et_pb_accordion_item][et_pb_accordion_item title=&#8221;\u00bfPagar en su p\u00e1gina web es seguro?&#8221; open_toggle_background_color=&#8221;rgba(142,216,58,0.31)&#8221; closed_toggle_background_color=&#8221;rgba(124,218,36,0.47)&#8221; _builder_version=&#8221;3.0.63&#8243; open=&#8221;off&#8221;]Contamos con medios de pago seguros.<\/p>\n<ul>\n<li>OXXO, D\u00e9posito Bancario y Transferencia Bancaria: En todas estas opciones el cliente realiza su pago directamente.<\/li>\n<li>TARJETA DE CR\u00c9DITO \u00f3 D\u00c9BITO: se realiza a trav\u00e9s de 2 empresas de servicio, PAYPAL y PAGO F\u00c1CIL, cada transacci\u00f3n se realiza a trav\u00e9s de sus plataformas de pago, por lo que nosotros no tenemos acceso a los datos de tu tarjeta de cr\u00e9dito o d\u00e9bito en ning\u00fan momento.<\/li>\n<\/ul>\n<p>[\/et_pb_accordion_item][et_pb_accordion_item title=&#8221;Vivo fuera de M\u00e9xico\u2026 \u00bfpuedo hacer un pedido?&#8221; open_toggle_background_color=&#8221;rgba(142,216,58,0.31)&#8221; closed_toggle_background_color=&#8221;rgba(124,218,36,0.47)&#8221; _builder_version=&#8221;3.0.63&#8243; open=&#8221;off&#8221;]\u00a1Desde luego! Debes contactarnos por mail \u00a0tapetesconmarca@gmail.com<\/p>\n<p>Nosotros te confirmaremos el precio de tu pedido en base al tipo de cambio y tambi\u00e9n podremos hacerte una cotizaci\u00f3n del envio mediante UPS \u00f3 Estafeta.<br \/>\n[\/et_pb_accordion_item][et_pb_accordion_item title=&#8221;Quiero recibir factura de mi pedido, \u00bfc\u00f3mo puedo conseguirla?&#8221; open_toggle_background_color=&#8221;rgba(142,216,58,0.31)&#8221; closed_toggle_background_color=&#8221;rgba(124,218,36,0.47)&#8221; _builder_version=&#8221;3.0.63&#8243; open=&#8221;off&#8221;]Si necesitas una factura puedes solicitarla:<\/p>\n<ul>\n<li>Al momento de realizar tu compra<\/li>\n<li>Mail: tapetesconmarca@gmail.com<\/li>\n<\/ul>\n<p>Indicando el n\u00famero de pedido y los datos de facturaci\u00f3n para emitirla, conforme las disposiciones fiscales vigentes. \u00a0Y el mail al que se enviar\u00e1 el XML y el PDF.<\/p>\n<p><span style=\"color: #ff0000;\">Importante, solo emitimos facturas durante el mes que realizaste la compra, y no hay cancelaciones una vez emitidas.<\/span><br \/>\n[\/et_pb_accordion_item][\/et_pb_accordion][\/et_pb_column][\/et_pb_row][et_pb_row _builder_version=&#8221;3.25&#8243;][et_pb_column type=&#8221;4_4&#8243; _builder_version=&#8221;3.25&#8243; custom_padding=&#8221;|||&#8221; custom_padding__hover=&#8221;|||&#8221;][et_pb_text _builder_version=&#8221;3.27.4&#8243;]<\/p>\n<h1>Acerca de tu Envio<\/h1>\n<p>[\/et_pb_text][et_pb_accordion open_toggle_background_color=&#8221;rgba(224,153,0,0.18)&#8221; closed_toggle_background_color=&#8221;rgba(224,153,0,0.36)&#8221; icon_color=&#8221;#8300e9&#8243; _builder_version=&#8221;3.0.69&#8243;][et_pb_accordion_item title=&#8221;\u00bfCu\u00e1nto cuesta el envio y el tiempo de entrega?&#8221; open=&#8221;on&#8221; _builder_version=&#8221;3.0.63&#8243;]<\/p>\n<ol>\n<li>Entrega sin costo en Guadalajara y Zona Metropolitana.<\/li>\n<li>Pasar directamente a nuestras oficinas a recoger tu pedido.<\/li>\n<li>Envio a todo M\u00e9xico por fleteras super econ\u00f3micas, que van A DOMICILIO Y POR COBRAR\u00a0 a la direcci\u00f3n que nos proporcionas.<\/li>\n<\/ol>\n<p><strong><span style=\"color: #0c71c3;\">No podemos darte una tarifa fija, ya que depende del volumen de tu compra y el destino de envio.<\/span><\/strong><br \/>\n[\/et_pb_accordion_item][et_pb_accordion_item title=&#8221;\u00bfPor donde y como me env\u00edan mi pedido?&#8221; _builder_version=&#8221;3.0.63&#8243; open=&#8221;off&#8221;]<\/p>\n<ol>\n<li>Los env\u00edos generados a trav\u00e9s de los pedidos se gestionar\u00e1n a trav\u00e9s de empresas privadas de mensajer\u00eda y transporte.<\/li>\n<li>Siempre te cotizaremos el transporte con precio m\u00e1s bajo.<\/li>\n<li>Los productos se van por cobrar a la direcci\u00f3n que especif\u00edca el cliente.<\/li>\n<li><span style=\"color: #e02b20;\">No somos responsables de los tiempos de entrega<\/span> o manejo del producto una vez entregado en la empresa de transporte.<\/li>\n<\/ol>\n<p>[\/et_pb_accordion_item][et_pb_accordion_item title=&#8221;\u00bfCu\u00e1nto tardar\u00e9 en recibir mi pedido?&#8221; _builder_version=&#8221;3.0.63&#8243; open=&#8221;off&#8221;]<span style=\"text-decoration: underline;\">Verificado el pago de la compra<\/span>, tu pedido se confirma en dise\u00f1o y tiempo de elaboraci\u00f3n + tiempo de envio.<\/p>\n<ul>\n<li><strong>Los plazos de envio var\u00edan en funci\u00f3n\u00a0 del destino.\u00a0<\/strong><\/li>\n<li>Nosotros no somos responsables de los tiempos de entrega\u00a0o manejo del producto una vez entregado en la empresa de transporte.<\/li>\n<li>Es importante tener en cuenta que el d\u00eda en que se realiza el pedido no se debe contar.<\/li>\n<li>La compra efectuada en s\u00e1bado, domingo o d\u00eda festivo, se entiende efectuada al siguiente lunes o siguiente d\u00eda h\u00e1bil.<\/li>\n<li>Debes tener en cuenta, adem\u00e1s, que nuestros sellos se fabrican bajo pedido y, es por ello, que los tiempos pueden ser algo superiores, sum\u00e1ndole el transporte.<\/li>\n<\/ul>\n<p>[\/et_pb_accordion_item][et_pb_accordion_item title=&#8221;Quiero cambiar mi direcci\u00f3n de env\u00edo \u00bfd\u00f3nde lo hago?&#8221; _builder_version=&#8221;3.0.63&#8243; open=&#8221;off&#8221;]Una direcci\u00f3n principal, que es la que se a\u00f1adir\u00e1 por defecto en el momento de hacer una compra. Si por alguna raz\u00f3n necesitas cambiar la direcci\u00f3n solo ll\u00e1manos o manda un email para confirmarnos los nuevos datos, el \u00fanico requisito es que tienes m\u00e1ximo 24hrs despu\u00e9s de haber realizado tu pedido para hacerlo, siempre y cuando sea un producto personalizado \u00f3 se hubiere enviado ya.<br \/>\n[\/et_pb_accordion_item][et_pb_accordion_item title=&#8221;\u00bfC\u00f3mo puedo realizar el seguimiento del env\u00edo de mi pedido?&#8221; _builder_version=&#8221;3.0.63&#8243; open=&#8221;off&#8221;]Cuando tu pedido salga de nuestra f\u00e1brica <span style=\"text-decoration: underline;\">recibir\u00e1s un email \u00a0indic\u00e1ndote el n\u00famero de gu\u00eda del env\u00edo y la empresa<\/span> con la que se ha hecho. De esta manera, t\u00fa mismo podr\u00e1s contactar con ellos y consultar el estado del mismo en todo momento.<\/p>\n<p>En caso de que no hayas recibido ese email puedes escribirnos a tapetesconmarca@gmail.com<br \/>\n[\/et_pb_accordion_item][\/et_pb_accordion][\/et_pb_column][\/et_pb_row][et_pb_row _builder_version=&#8221;3.25&#8243;][et_pb_column type=&#8221;4_4&#8243; _builder_version=&#8221;3.25&#8243; custom_padding=&#8221;|||&#8221; custom_padding__hover=&#8221;|||&#8221;][et_pb_text _builder_version=&#8221;3.27.4&#8243;]<\/p>\n<h1>Garant\u00edas y Devoluciones<\/h1>\n<p>[\/et_pb_text][et_pb_accordion open_toggle_background_color=&#8221;rgba(237,240,0,0.21)&#8221; closed_toggle_background_color=&#8221;rgba(237,240,0,0.42)&#8221; icon_color=&#8221;#7cda24&#8243; _builder_version=&#8221;3.0.69&#8243;][et_pb_accordion_item title=&#8221;Ha habido un error, me enviaron algo que no he pedido.&#8221; open=&#8221;on&#8221; _builder_version=&#8221;3.0.63&#8243;]Podemos cometer errores. No pasa muy a menudo, pero en alguna ocasi\u00f3n puede suceder\u2026 Si has tenido la mala suerte de que te ha tocado a ti, no te preocupes, contacta con nosotros indicando cu\u00e1l es tu pedido y el error que se ha producido y prontos estaremos para ayudarte.<\/p>\n<p>Para ello, puedes contactar con nosotros a nuestro mail\u00a0\u00f3 llamarnos por tel\u00e9fono al (33)1368.0245 de lunes a viernes de 9.00am a 6.30pm.<br \/>\n[\/et_pb_accordion_item][et_pb_accordion_item title=&#8221;El producto que compre viene defectuoso, \u00bfqu\u00e9 hago?&#8221; _builder_version=&#8221;3.0.63&#8243; open=&#8221;off&#8221;]Para cualquier posible incidencia o reclamaci\u00f3n, <strong>p\u00f3ngase\u00a0<\/strong><strong>inmediatamente en contacto<\/strong>\u00a0por tel\u00e9fono al (33)1368.0245 de lunes a viernes de 9.00am a 6.30pm<\/p>\n<p>Proceden l<span style=\"font-size: 14px;\">a \u00a0sustituci\u00f3n del producto\u00a0en perfecto estado, en cuanto se reciba el producto defectuoso.<\/span><\/p>\n<p><span style=\"color: #333399;\">Aspectos a considerar:<\/span><\/p>\n<p>1\u00b0 Los podr\u00e1 devolver en un plazo\u00a0<strong>m\u00e1ximo de 7 d\u00edas naturales<\/strong>, contados a partir de la recepci\u00f3n del producto.<\/p>\n<p>2\u00b0 No se admitir\u00e1n devoluciones que no vengan en su embalaje original y con el producto en el estado en el que lo recibi\u00f3. <span style=\"text-decoration: underline;\">Los productos deben venir en buen estado, para que la Garant\u00eda aplique.<\/span><\/p>\n<p>3\u00b0 Nos contactaremos contigo para identificar como devolver tu producto sin costo para ti.<br \/>\n[\/et_pb_accordion_item][et_pb_accordion_item title=&#8221;Hice una compra y me equivoque, quiero que me regresen mi dinero, \u00bfque hago?&#8221; _builder_version=&#8221;3.0.63&#8243; open=&#8221;off&#8221;]<span style=\"color: #ff0000;\"><strong>*En ning\u00fan caso se podr\u00e1 hacer devoluci\u00f3n de un producto personalizado con la informaci\u00f3n, dise\u00f1o o datos que el cliente autoriz\u00f3.<\/strong><\/span><\/p>\n<ul>\n<li>Los tapetes que vendemos se fabrican de forma \u00fanica para cada cliente. Son personalizados, por lo que se le pide que revise con atenci\u00f3n todos los datos de su pedido. No se aceptan cancelaciones por tratarse de un Pedido Especial Fabricado Espec\u00edficamente para el Cliente.<\/li>\n<\/ul>\n<p>[\/et_pb_accordion_item][et_pb_accordion_item title=&#8221;He cambiado de opini\u00f3n, \u00bfpuedo devolver mi pedido?&#8221; _builder_version=&#8221;3.0.63&#8243; open=&#8221;off&#8221;]<span style=\"color: #ff0000;\"><strong>*En ning\u00fan caso se podr\u00e1 hacer devoluci\u00f3n de un producto personalizado con la informaci\u00f3n, dise\u00f1o o datos que el cliente autoriz\u00f3. UNA VEZ FABRICADO SU TAPETE<\/strong><\/span><\/p>\n<ul>\n<li>Los productos sujetos a devoluci\u00f3n son los no personalizados<\/li>\n<\/ul>\n<p>[\/et_pb_accordion_item][et_pb_accordion_item title=&#8221;\u00bfMis datos est\u00e1n protegidos?&#8221; _builder_version=&#8221;3.0.63&#8243; open=&#8221;off&#8221;]Nuestro sitio web tiene implementado un sistema de protecci\u00f3n para proteger eficazmente todos los datos sensibles relacionados con su identidad personal y sus pagos. \u00a0Para mayor informaci\u00f3n puede accesar a nuestro Manejo de Datos y Aviso de Privacidad.<br \/>\n[\/et_pb_accordion_item][\/et_pb_accordion][\/et_pb_column][\/et_pb_row][\/et_pb_section][et_pb_section fb_built=&#8221;1&#8243; fullwidth=&#8221;on&#8221; next_background_color=&#8221;#ffffff&#8221; _builder_version=&#8221;4.5.6&#8243; background_color=&#8221;#faa61a&#8221; width=&#8221;100%&#8221; max_width=&#8221;100%&#8221; min_height=&#8221;305px&#8221; height=&#8221;100px&#8221; max_height=&#8221;266px&#8221; custom_margin=&#8221;0px||-15px||false|false&#8221; custom_padding=&#8221;0px|0px|0px|0px|false|false&#8221; bottom_divider_style=&#8221;arrow2&#8243; saved_tabs=&#8221;all&#8221; locked=&#8221;off&#8221;][et_pb_fullwidth_header title=&#8221;Estamos para ayudarte \u00a1Cuenta con nosotros!&#8221; subhead=&#8221;Comun\u00edcate 33 1441 3247&#8243; text_orientation=&#8221;center&#8221; button_one_text=&#8221;Quiero mas informaci\u00f3n&#8221; button_one_url=&#8221;http:\/\/bit.ly\/Quieromitapeteconmarca&#8221; admin_label=&#8221;estamos para ayudarte&#8221; _builder_version=&#8221;4.5.6&#8243; title_font=&#8221;Play|700|||||||&#8221; title_text_color=&#8221;#ffffff&#8221; content_font=&#8221;Play|700|||||||&#8221; content_text_align=&#8221;center&#8221; content_text_color=&#8221;#edf000&#8243; content_font_size=&#8221;24px&#8221; content_line_height=&#8221;1.4em&#8221; subhead_font=&#8221;Play|700|||||||&#8221; subhead_text_color=&#8221;#0c71c3&#8243; subhead_font_size=&#8221;33px&#8221; subhead_line_height=&#8221;1.4em&#8221; background_color=&#8221;rgba(255, 255, 255, 0)&#8221; custom_button_one=&#8221;on&#8221; button_one_text_color=&#8221;#0c71c3&#8243; button_one_font=&#8221;|600|||||||&#8221; button_one_on_hover=&#8221;off&#8221; custom_padding=&#8221;1px||3px||false|false&#8221; title_font_size_tablet=&#8221;21px&#8221; title_font_size_phone=&#8221;25px&#8221; title_font_size_last_edited=&#8221;on|tablet&#8221; content_font_size_tablet=&#8221;17px&#8221; content_font_size_phone=&#8221;14px&#8221; content_font_size_last_edited=&#8221;on|desktop&#8221; title_text_shadow_style=&#8221;preset2&#8243; content_text_shadow_style=&#8221;preset2&#8243; button_one_text_size__hover_enabled=&#8221;off&#8221; button_two_text_size__hover_enabled=&#8221;off&#8221; button_one_text_color__hover_enabled=&#8221;off&#8221; button_two_text_color__hover_enabled=&#8221;off&#8221; button_one_border_width__hover_enabled=&#8221;off&#8221; button_two_border_width__hover_enabled=&#8221;off&#8221; button_one_border_color__hover_enabled=&#8221;off&#8221; button_two_border_color__hover_enabled=&#8221;off&#8221; button_one_border_radius__hover_enabled=&#8221;off&#8221; button_two_border_radius__hover_enabled=&#8221;off&#8221; button_one_letter_spacing__hover_enabled=&#8221;off&#8221; button_two_letter_spacing__hover_enabled=&#8221;off&#8221; button_one_bg_color__hover_enabled=&#8221;off&#8221; button_two_bg_color__hover_enabled=&#8221;off&#8221;]<\/p>\n<p><span style=\"color: #ffffff;\">10.00am a 6.00pm | elserviciovende.mary@gmail.com<\/span><\/p>\n<p>[\/et_pb_fullwidth_header][\/et_pb_section]<\/p>\n","protected":false},"excerpt":{"rendered":"<p>T\u00e9rminos y condiciones \u00a0 Acerca de compra, envios y devoluciones y las garant\u00edas Tienes Garant\u00eda en tu compra. Nos entregamos a nuestro trabajo porque creemos sinceramente en lo que hacemos, y adem\u00e1s nos une un objetivo en com\u00fan: la felicidad y satisfacci\u00f3n de nuestros clientes. Acerca de tu compra Por Tel\u00e9fono Por Mail Por la [&hellip;]<\/p>\n","protected":false},"author":1,"featured_media":0,"parent":0,"menu_order":0,"comment_status":"closed","ping_status":"closed","template":"","meta":{"_et_pb_use_builder":"on","_et_pb_old_content":"","_et_gb_content_width":"","footnotes":""},"class_list":["post-77","page","type-page","status-publish","hentry"],"yoast_head":"<!-- This site is optimized with the Yoast SEO plugin v24.8 - https:\/\/yoast.com\/wordpress\/plugins\/seo\/ -->\n<title>Condiciones de compra - Publicidad en tapetes<\/title>\n<meta name=\"robots\" content=\"index, follow, max-snippet:-1, max-image-preview:large, max-video-preview:-1\" \/>\n<link rel=\"canonical\" href=\"https:\/\/publicidadentapetes.com\/index.php\/condiciones-de-compra\/\" \/>\n<meta property=\"og:locale\" content=\"en_US\" \/>\n<meta property=\"og:type\" content=\"article\" \/>\n<meta property=\"og:title\" content=\"Condiciones de compra - Publicidad en tapetes\" \/>\n<meta property=\"og:description\" content=\"T\u00e9rminos y condiciones \u00a0 Acerca de compra, envios y devoluciones y las garant\u00edas Tienes Garant\u00eda en tu compra. Nos entregamos a nuestro trabajo porque creemos sinceramente en lo que hacemos, y adem\u00e1s nos une un objetivo en com\u00fan: la felicidad y satisfacci\u00f3n de nuestros clientes. Acerca de tu compra Por Tel\u00e9fono Por Mail Por la [&hellip;]\" \/>\n<meta property=\"og:url\" content=\"https:\/\/publicidadentapetes.com\/index.php\/condiciones-de-compra\/\" \/>\n<meta property=\"og:site_name\" content=\"Publicidad en tapetes\" \/>\n<meta property=\"article:modified_time\" content=\"2020-11-28T21:09:53+00:00\" \/>\n<meta name=\"twitter:card\" content=\"summary_large_image\" \/>\n<meta name=\"twitter:label1\" content=\"Est. reading time\" \/>\n\t<meta name=\"twitter:data1\" content=\"10 minutes\" \/>\n<script type=\"application\/ld+json\" class=\"yoast-schema-graph\">{\"@context\":\"https:\/\/schema.org\",\"@graph\":[{\"@type\":\"WebPage\",\"@id\":\"https:\/\/publicidadentapetes.com\/index.php\/condiciones-de-compra\/\",\"url\":\"https:\/\/publicidadentapetes.com\/index.php\/condiciones-de-compra\/\",\"name\":\"Condiciones de compra - Publicidad en tapetes\",\"isPartOf\":{\"@id\":\"https:\/\/publicidadentapetes.com\/#website\"},\"datePublished\":\"2020-11-28T21:09:50+00:00\",\"dateModified\":\"2020-11-28T21:09:53+00:00\",\"breadcrumb\":{\"@id\":\"https:\/\/publicidadentapetes.com\/index.php\/condiciones-de-compra\/#breadcrumb\"},\"inLanguage\":\"en-US\",\"potentialAction\":[{\"@type\":\"ReadAction\",\"target\":[\"https:\/\/publicidadentapetes.com\/index.php\/condiciones-de-compra\/\"]}]},{\"@type\":\"BreadcrumbList\",\"@id\":\"https:\/\/publicidadentapetes.com\/index.php\/condiciones-de-compra\/#breadcrumb\",\"itemListElement\":[{\"@type\":\"ListItem\",\"position\":1,\"name\":\"Portada\",\"item\":\"https:\/\/publicidadentapetes.com\/\"},{\"@type\":\"ListItem\",\"position\":2,\"name\":\"Condiciones de compra\"}]},{\"@type\":\"WebSite\",\"@id\":\"https:\/\/publicidadentapetes.com\/#website\",\"url\":\"https:\/\/publicidadentapetes.com\/\",\"name\":\"Publicidad en tapetes\",\"description\":\"Publicidad en tapetes\",\"potentialAction\":[{\"@type\":\"SearchAction\",\"target\":{\"@type\":\"EntryPoint\",\"urlTemplate\":\"https:\/\/publicidadentapetes.com\/?s={search_term_string}\"},\"query-input\":{\"@type\":\"PropertyValueSpecification\",\"valueRequired\":true,\"valueName\":\"search_term_string\"}}],\"inLanguage\":\"en-US\"}]}<\/script>\n<!-- \/ Yoast SEO plugin. -->","yoast_head_json":{"title":"Condiciones de compra - Publicidad en tapetes","robots":{"index":"index","follow":"follow","max-snippet":"max-snippet:-1","max-image-preview":"max-image-preview:large","max-video-preview":"max-video-preview:-1"},"canonical":"https:\/\/publicidadentapetes.com\/index.php\/condiciones-de-compra\/","og_locale":"en_US","og_type":"article","og_title":"Condiciones de compra - Publicidad en tapetes","og_description":"T\u00e9rminos y condiciones \u00a0 Acerca de compra, envios y devoluciones y las garant\u00edas Tienes Garant\u00eda en tu compra. Nos entregamos a nuestro trabajo porque creemos sinceramente en lo que hacemos, y adem\u00e1s nos une un objetivo en com\u00fan: la felicidad y satisfacci\u00f3n de nuestros clientes. Acerca de tu compra Por Tel\u00e9fono Por Mail Por la [&hellip;]","og_url":"https:\/\/publicidadentapetes.com\/index.php\/condiciones-de-compra\/","og_site_name":"Publicidad en tapetes","article_modified_time":"2020-11-28T21:09:53+00:00","twitter_card":"summary_large_image","twitter_misc":{"Est. reading time":"10 minutes"},"schema":{"@context":"https:\/\/schema.org","@graph":[{"@type":"WebPage","@id":"https:\/\/publicidadentapetes.com\/index.php\/condiciones-de-compra\/","url":"https:\/\/publicidadentapetes.com\/index.php\/condiciones-de-compra\/","name":"Condiciones de compra - Publicidad en tapetes","isPartOf":{"@id":"https:\/\/publicidadentapetes.com\/#website"},"datePublished":"2020-11-28T21:09:50+00:00","dateModified":"2020-11-28T21:09:53+00:00","breadcrumb":{"@id":"https:\/\/publicidadentapetes.com\/index.php\/condiciones-de-compra\/#breadcrumb"},"inLanguage":"en-US","potentialAction":[{"@type":"ReadAction","target":["https:\/\/publicidadentapetes.com\/index.php\/condiciones-de-compra\/"]}]},{"@type":"BreadcrumbList","@id":"https:\/\/publicidadentapetes.com\/index.php\/condiciones-de-compra\/#breadcrumb","itemListElement":[{"@type":"ListItem","position":1,"name":"Portada","item":"https:\/\/publicidadentapetes.com\/"},{"@type":"ListItem","position":2,"name":"Condiciones de compra"}]},{"@type":"WebSite","@id":"https:\/\/publicidadentapetes.com\/#website","url":"https:\/\/publicidadentapetes.com\/","name":"Publicidad en tapetes","description":"Publicidad en tapetes","potentialAction":[{"@type":"SearchAction","target":{"@type":"EntryPoint","urlTemplate":"https:\/\/publicidadentapetes.com\/?s={search_term_string}"},"query-input":{"@type":"PropertyValueSpecification","valueRequired":true,"valueName":"search_term_string"}}],"inLanguage":"en-US"}]}},"_links":{"self":[{"href":"https:\/\/publicidadentapetes.com\/index.php\/wp-json\/wp\/v2\/pages\/77","targetHints":{"allow":["GET"]}}],"collection":[{"href":"https:\/\/publicidadentapetes.com\/index.php\/wp-json\/wp\/v2\/pages"}],"about":[{"href":"https:\/\/publicidadentapetes.com\/index.php\/wp-json\/wp\/v2\/types\/page"}],"author":[{"embeddable":true,"href":"https:\/\/publicidadentapetes.com\/index.php\/wp-json\/wp\/v2\/users\/1"}],"replies":[{"embeddable":true,"href":"https:\/\/publicidadentapetes.com\/index.php\/wp-json\/wp\/v2\/comments?post=77"}],"version-history":[{"count":4,"href":"https:\/\/publicidadentapetes.com\/index.php\/wp-json\/wp\/v2\/pages\/77\/revisions"}],"predecessor-version":[{"id":82,"href":"https:\/\/publicidadentapetes.com\/index.php\/wp-json\/wp\/v2\/pages\/77\/revisions\/82"}],"wp:attachment":[{"href":"https:\/\/publicidadentapetes.com\/index.php\/wp-json\/wp\/v2\/media?parent=77"}],"curies":[{"name":"wp","href":"https:\/\/api.w.org\/{rel}","templated":true}]}}